{"id":28,"date":"2017-11-03T08:20:23","date_gmt":"2017-11-03T08:20:23","guid":{"rendered":"http:\/\/gelkakft.hu\/?page_id=28"},"modified":"2017-11-14T09:46:29","modified_gmt":"2017-11-14T09:46:29","slug":"rolunk","status":"publish","type":"page","link":"http:\/\/gelkakft.hu\/en\/rolunk\/","title":{"rendered":"R\u00f3lunk"},"content":{"rendered":"<p>\u00dcdv\u00f6zl\u00fcnk a <strong>GELKA Kft.<\/strong> internetes oldal\u00e1n. T\u00e1rsas\u00e1gunk <em>1960.-ban<\/em> alakult.<br \/> <strong><br \/> T\u00f6rt\u00e9nelem:<\/strong><br \/> A Gelk\u00e1t a\u00a0K\u00e1d\u00e1r korszakban a Koh\u00f3- \u00e9s G\u00e9pipari Miniszt\u00e9rium\u00a0a korm\u00e1ny Gazdas\u00e1gi Bizotts\u00e1g\u00e1nak 1960-ban hozott hat\u00e1rozata alapj\u00e1n l\u00e9tes\u00edtette. Feladat\u00e1ul szabt\u00e1k, hogy orsz\u00e1gos v\u00e1llalatk\u00e9nt v\u00e9gezze el a tart\u00f3s k\u00f6zsz\u00fcks\u00e9gleti elektromos cikkek garanci\u00e1lis, illetve garanci\u00e1n t\u00fali jav\u00edt\u00e1s\u00e1t a jogel\u0151d Ravel (R\u00e1di\u00f3 V\u00e9teltechnikai V\u00e1llalat) \u00e9s a sz\u00e9tsz\u00f3rtan m\u0171k\u00f6d\u0151 gy\u00e1ri m\u00e1rkaszervizek helyett. Megalap\u00edt\u00e1sa ut\u00e1n a Gelka gyorsan n\u00f6vekedett, a hatvanas-hetvenes \u00e9vekre a feladatk\u00f6r\u00e9be tartoz\u00f3 jav\u00edt\u00f3 szolg\u00e1ltat\u00e1sok t\u00f6bb mint n\u00e9gy\u00f6t\u00f6d\u00e9t l\u00e1tta el. A nyolcvanas \u00e9vek elej\u00e9n 8 ezer f\u0151t foglalkoztatott, 350 telephellyel m\u0171k\u00f6d\u00f6tt, szakszervizei beh\u00e1l\u00f3zt\u00e1k az orsz\u00e1got. Eur\u00f3p\u00e1ban egyed\u00fcl\u00e1ll\u00f3 m\u00f3don k\u00f6zponti sz\u00e1mon (333-333) el\u00e9rhet\u0151 diszp\u00e9cserk\u00f6zpontot \u00fczemeltetett.<br \/> 1983-ban a Gelka-szervizek nagyobb r\u00e9sze 80 tan\u00e1csi fel\u00fcgyelet alatt \u00e1ll\u00f3\u00a0kisv\u00e1llalatt\u00e1\u00a0alakult, kisebb r\u00e9sz\u00fck a Gelka keret\u00e9n bel\u00fcl m\u0171k\u00f6d\u00f6tt tov\u00e1bb.<br \/> A rendszerv\u00e1lt\u00e1s ut\u00e1n a r\u00e9szv\u00e9nyt\u00e1rsas\u00e1gg\u00e1 pr\u00f3b\u00e1lt\u00e1k alak\u00edtani, hogy k\u00e9s\u0151bb privatiz\u00e1lj\u00e1k, de ez nem volt sikeres.<\/p>\n<p><b>A GELKA napjainkban:<\/b><\/p>\n<p>\u00a0\u00a0A GELKA Elektroakusztikai Gy\u00e1rt\u00f3 \u00e9s Kereskedelmi Kft. els\u0151sorban t\u00f6megk\u00f6zleked\u00e9si j\u00e1rm\u0171veken rendszeres\u00edtett utasinformatikai, audiovizu\u00e1lis, h\u00edrad\u00e1stechnikai berendez\u00e9sek gy\u00e1rt\u00e1s\u00e1ra szakosodott.F\u0151bb term\u00e9keink \u00e9s tev\u00e9kenys\u00e9gi k\u00f6reink:<\/p>\n<p>&#8211; Fed\u00e9lzeti LED kijelz\u0151k gy\u00e1rt\u00e1sa<br \/> &#8211; Fed\u00e9lzeti sz\u00e1m\u00edt\u00f3g\u00e9pek gy\u00e1rt\u00e1sa (BBOX)<br \/> &#8211; Hangsz\u00f3r\u00f3k gy\u00e1rt\u00e1sa \u00e9s tervez\u00e9se<br \/> &#8211; Tolat\u00e1sjelz\u0151k \u00e9s dallamjelz\u0151 berendez\u00e9sek gy\u00e1rt\u00e1sa \u00e9s tervez\u00e9se<br \/> &#8211; Fed\u00e9lzeti r\u00e1di\u00f3er\u0151s\u00edt\u0151k gy\u00e1rt\u00e1sa \u00e9s tervez\u00e9se<br \/> &#8211; Fed\u00e9lzeti \u00e9s ipari mikrofonok gy\u00e1rt\u00e1sa \u00e9s fejleszt\u00e9se <em>(A j\u00f3l ismert GELKA mikrofonok)<\/em><br \/> &#8211; Elektronikus \u00e9s mechanikus jegy\u00e9rv\u00e9nyes\u00edt\u0151 k\u00e9sz\u00fcl\u00e9kek gy\u00e1rt\u00e1sa, tervez\u00e9se, forgalmaz\u00e1sa<\/p>\n<p>\u00a0Az elm\u00falt k\u00f6zel 60 \u00e9vben t\u00f6bb mint 300.000 g\u00e9pj\u00e1rm\u0171re ker\u00fcltek GELKA term\u00e9kek vil\u00e1gszerte! Term\u00e9keinket folyamatosan fejlesztj\u00fck. A GELKA term\u00e9kek napjainkban is a min\u0151s\u00e9get \u00e9s a kiforrott technol\u00f3giai megold\u00e1sok \u00f6sszess\u00e9g\u00e9t hordozz\u00e1k magukban. T\u00f6bb \u00e9vtizedes gy\u00e1rt\u00f3i \u00e9s tervez\u0151i tapasztalatunkkal \u00e1llunk partnereink rendelkez\u00e9s\u00e9re! Tervez\u00e9st\u0151l a gy\u00e1rt\u00e1sig!<\/p>\n<p><b>Szlogen\u00fcnk<\/b>: Tal\u00e1n nem is olyan rossz dolog ha mindenki kijelenti hogy \u0151 csak azzal k\u00edv\u00e1n foglalkozni, amihez a legjobban \u00e9rt. Mi a t\u00f6megk\u00f6zleked\u00e9st v\u00e1lasztottuk 1960.-ban!<\/p>\n<p>\t\t<img loading=\"lazy\" width=\"460\" height=\"478\" src=\"http:\/\/gelkakft.hu\/wp-content\/uploads\/2017\/11\/K\u00e9pkiv\u00e1g\u00e1s.png\" alt=\"\" srcset=\"http:\/\/gelkakft.hu\/wp-content\/uploads\/2017\/11\/K\u00e9pkiv\u00e1g\u00e1s.png 460w, http:\/\/gelkakft.hu\/wp-content\/uploads\/2017\/11\/K\u00e9pkiv\u00e1g\u00e1s-289x300.png 289w\" sizes=\"(max-width: 460px) 100vw, 460px\" \/><br \/>\n\t\t<img loading=\"lazy\" width=\"750\" height=\"416\" src=\"http:\/\/gelkakft.hu\/wp-content\/uploads\/2017\/11\/imageedit_1_8050662022.png\" alt=\"\" srcset=\"http:\/\/gelkakft.hu\/wp-content\/uploads\/2017\/11\/imageedit_1_8050662022.png 1000w, http:\/\/gelkakft.hu\/wp-content\/uploads\/2017\/11\/imageedit_1_8050662022-300x166.png 300w, http:\/\/gelkakft.hu\/wp-content\/uploads\/2017\/11\/imageedit_1_8050662022-768x425.png 768w\" sizes=\"(max-width: 750px) 100vw, 750px\" \/>\t\t<\/p>\n","protected":false},"excerpt":{"rendered":"<p>\u00dcdv\u00f6zl\u00fcnk a GELKA Kft. internetes oldal\u00e1n. T\u00e1rsas\u00e1gunk 1960.-ban alakult. T\u00f6rt\u00e9nelem: A Gelk\u00e1t a\u00a0K\u00e1d\u00e1r korszakban a Koh\u00f3- \u00e9s G\u00e9pipari Miniszt\u00e9rium\u00a0a korm\u00e1ny Gazdas\u00e1gi Bizotts\u00e1g\u00e1nak 1960-ban hozott hat\u00e1rozata alapj\u00e1n l\u00e9tes\u00edtette. Feladat\u00e1ul szabt\u00e1k, hogy orsz\u00e1gos v\u00e1llalatk\u00e9nt v\u00e9gezze el a<a class=\"moretag\" href=\"http:\/\/gelkakft.hu\/en\/rolunk\/\"> <trp-gettext data-trpgettextoriginal='23'>Read more&hellip;<\/trp-gettext><\/a><\/p>\n","protected":false},"author":1,"featured_media":0,"parent":0,"menu_order":0,"comment_status":"closed","ping_status":"closed","template":"","meta":[],"_links":{"self":[{"href":"http:\/\/gelkakft.hu\/en\/wp-json\/wp\/v2\/pages\/28"}],"collection":[{"href":"http:\/\/gelkakft.hu\/en\/wp-json\/wp\/v2\/pages"}],"about":[{"href":"http:\/\/gelkakft.hu\/en\/wp-json\/wp\/v2\/types\/page"}],"author":[{"embeddable":true,"href":"http:\/\/gelkakft.hu\/en\/wp-json\/wp\/v2\/users\/1"}],"replies":[{"embeddable":true,"href":"http:\/\/gelkakft.hu\/en\/wp-json\/wp\/v2\/comments?post=28"}],"version-history":[{"count":29,"href":"http:\/\/gelkakft.hu\/en\/wp-json\/wp\/v2\/pages\/28\/revisions"}],"predecessor-version":[{"id":366,"href":"http:\/\/gelkakft.hu\/en\/wp-json\/wp\/v2\/pages\/28\/revisions\/366"}],"wp:attachment":[{"href":"http:\/\/gelkakft.hu\/en\/wp-json\/wp\/v2\/media?parent=28"}],"curies":[{"name":"wp","href":"https:\/\/api.w.org\/{rel}","templated":true}]}}