{"id":31,"date":"2017-11-03T08:20:44","date_gmt":"2017-11-03T08:20:44","guid":{"rendered":"http:\/\/gelkakft.hu\/?page_id=31"},"modified":"2017-11-21T08:06:37","modified_gmt":"2017-11-21T08:06:37","slug":"kapcsolat","status":"publish","type":"page","link":"http:\/\/gelkakft.hu\/en\/kapcsolat\/","title":{"rendered":"Kapcsolat"},"content":{"rendered":"<form action=\"\/wp-admin\/admin-ajax.php#wpcf7-f99-o1\" method=\"post\" novalidate=\"novalidate\">\n<input type=\"hidden\" name=\"_wpcf7\" value=\"99\" \/><br \/>\n<input type=\"hidden\" name=\"_wpcf7_version\" value=\"4.9.1\" \/><br \/>\n<input type=\"hidden\" name=\"_wpcf7_locale\" value=\"hu_HU\" \/><br \/>\n<input type=\"hidden\" name=\"_wpcf7_unit_tag\" value=\"wpcf7-f99-o1\" \/><br \/>\n<input type=\"hidden\" name=\"_wpcf7_container_post\" value=\"0\" \/><\/p>\n<p><label> N\u00e9v (k\u00f6telez\u0151)<br \/>\n    <input type=\"text\" name=\"your-name\" value=\"\" size=\"40\" aria-required=\"true\" aria-invalid=\"false\" \/> <\/label><\/p>\n<p><label> Email c\u00edm (k\u00f6telez\u0151)<br \/>\n    <input type=\"email\" name=\"your-email\" value=\"\" size=\"40\" aria-required=\"true\" aria-invalid=\"false\" \/> <\/label><\/p>\n<p><label> T\u00e1rgy<br \/>\n    <input type=\"text\" name=\"your-subject\" value=\"\" size=\"40\" aria-invalid=\"false\" \/> <\/label><\/p>\n<p><label> \u00dczenet<br \/>\n    <textarea name=\"your-message\" cols=\"40\" rows=\"10\" aria-invalid=\"false\"><\/textarea> <\/label><\/p>\n<p><input type=\"submit\" value=\"K\u00fcld\u00e9s\" \/><\/p>\n<\/form>\n<p>Gelka Elektroakusztikai Gy\u00e1rt\u00f3 \u00e9s Szolg\u00e1ltat\u00f3 Kft.<br \/>\u00a0HU-1161 Budapest | Margit utca 114<br \/> borcsok.robert@gelkakft.hu.<br \/>Ad\u00f3sz\u00e1m: 10529694-2-42<br \/>C\u00e9gjegyz\u00e9ksz\u00e1m: 01 09 075729<br \/>A GELKA logo \u00e9s n\u00e9v kiz\u00e1r\u00f3lagosan a GELKA Kft. tulajdona!<\/p>\n","protected":false},"excerpt":{"rendered":"<p>N\u00e9v (k\u00f6telez\u0151) Email c\u00edm (k\u00f6telez\u0151) T\u00e1rgy \u00dczenet Gelka Elektroakusztikai Gy\u00e1rt\u00f3 \u00e9s Szolg\u00e1ltat\u00f3 Kft.\u00a0HU-1161 Budapest | Margit utca 114 borcsok.robert@gelkakft.hu.Ad\u00f3sz\u00e1m: 10529694-2-42C\u00e9gjegyz\u00e9ksz\u00e1m: 01 09 075729A GELKA logo \u00e9s n\u00e9v kiz\u00e1r\u00f3lagosan a GELKA Kft. tulajdona!<\/p>\n","protected":false},"author":1,"featured_media":0,"parent":0,"menu_order":0,"comment_status":"closed","ping_status":"closed","template":"","meta":[],"_links":{"self":[{"href":"http:\/\/gelkakft.hu\/en\/wp-json\/wp\/v2\/pages\/31"}],"collection":[{"href":"http:\/\/gelkakft.hu\/en\/wp-json\/wp\/v2\/pages"}],"about":[{"href":"http:\/\/gelkakft.hu\/en\/wp-json\/wp\/v2\/types\/page"}],"author":[{"embeddable":true,"href":"http:\/\/gelkakft.hu\/en\/wp-json\/wp\/v2\/users\/1"}],"replies":[{"embeddable":true,"href":"http:\/\/gelkakft.hu\/en\/wp-json\/wp\/v2\/comments?post=31"}],"version-history":[{"count":20,"href":"http:\/\/gelkakft.hu\/en\/wp-json\/wp\/v2\/pages\/31\/revisions"}],"predecessor-version":[{"id":402,"href":"http:\/\/gelkakft.hu\/en\/wp-json\/wp\/v2\/pages\/31\/revisions\/402"}],"wp:attachment":[{"href":"http:\/\/gelkakft.hu\/en\/wp-json\/wp\/v2\/media?parent=31"}],"curies":[{"name":"wp","href":"https:\/\/api.w.org\/{rel}","templated":true}]}}