{"id":292,"date":"2017-11-09T10:44:15","date_gmt":"2017-11-09T10:44:15","guid":{"rendered":"http:\/\/gelkakft.hu\/?post_type=product&#038;p=292"},"modified":"2026-04-28T14:34:46","modified_gmt":"2026-04-28T14:34:46","slug":"hangszoroegyseg","status":"publish","type":"product","link":"http:\/\/gelkakft.hu\/en\/product\/hangszoroegyseg\/","title":{"rendered":"AHE 001 Ajt\u00f3 Hangsz\u00f3r\u00f3 Egys\u00e9g"},"content":{"rendered":"<p>&nbsp;<\/p>\n<p>Rel\u00e9vel vez\u00e9relt kivitel<br \/>\nM\u0171szaki adatok:<br \/>\nUT : +24V (20 &#8211; 29V)<br \/>\nI : 20,8 mA<br \/>\nHangsz\u00f3r\u00f3 Pn\u00e9vl.: 0,25W<br \/>\nHangnyom\u00e1s : 89dB \u00b1 3 dB \/ 0,5 fm<br \/>\nImpedancia : 8 Ohm<\/p>\n<p><a href=\"http:\/\/gelkakft.hu\/minbiz\/AHE 001.pdf\">Min\u0151s\u00e9gi bizonylat<\/a><\/p>\n<p>*A fenti \u00e1rak az \u00c1ltal\u00e1nos Forgalmi Ad\u00f3t (\u00c1FA) nem tartalmazz\u00e1k!<\/p>\n","protected":false},"excerpt":{"rendered":"<p>AHE 001 s\u00fcllyeszthet\u0151 kivitel\u0171 hansz\u00f3r\u00f3 egys\u00e9g, amely visszajelz\u0151 (ellen\u0151rz\u0151) hangsz\u00f3r\u00f3k\u00e9nt is.<\/p>\n","protected":false},"featured_media":383,"comment_status":"open","ping_status":"closed","template":"","meta":[],"_links":{"self":[{"href":"http:\/\/gelkakft.hu\/en\/wp-json\/wp\/v2\/product\/292"}],"collection":[{"href":"http:\/\/gelkakft.hu\/en\/wp-json\/wp\/v2\/product"}],"about":[{"href":"http:\/\/gelkakft.hu\/en\/wp-json\/wp\/v2\/types\/product"}],"replies":[{"embeddable":true,"href":"http:\/\/gelkakft.hu\/en\/wp-json\/wp\/v2\/comments?post=292"}],"wp:featuredmedia":[{"embeddable":true,"href":"http:\/\/gelkakft.hu\/en\/wp-json\/wp\/v2\/media\/383"}],"wp:attachment":[{"href":"http:\/\/gelkakft.hu\/en\/wp-json\/wp\/v2\/media?parent=292"}],"curies":[{"name":"wp","href":"https:\/\/api.w.org\/{rel}","templated":true}]}}