{"id":294,"date":"2017-11-09T10:43:44","date_gmt":"2017-11-09T10:43:44","guid":{"rendered":"http:\/\/gelkakft.hu\/?post_type=product&#038;p=294"},"modified":"2026-04-28T14:35:07","modified_gmt":"2026-04-28T14:35:07","slug":"hangerosito-2","status":"publish","type":"product","link":"http:\/\/gelkakft.hu\/en\/product\/hangerosito-2\/","title":{"rendered":"GE 02 AVM 3 G\u00e9pj\u00e1rm\u0171 Hanger\u0151s\u00edt\u0151"},"content":{"rendered":"<p>A \u00e9s AB oszt\u00e1ly\u00fa el\u0151 \u00e9s v\u00e9gfokozat\u00fa er\u0151s\u00edt\u0151. A bemeneti csatlakoz\u00f3kra kapott anal\u00f3g jelforr\u00e1s lehet kisjel\u0171 (mikrofon) \u00e9s nagyszint\u0171 (vonal, AVM)<\/p>\n<p>M\u0171szaki adatok: : UT: 24V (+12V &#8211; 30V)<br \/>\nZT: 4-16 Ohm<br \/>\nPki: 20W\/4 Ohm<br \/>\nf1-f2: 30Hz &#8211; 15kHz<br \/>\nJel\/zaj: \u2265 60dB<br \/>\nTHD: 0,5%<\/p>\n<p><a href=\"http:\/\/gelkakft.hu\/minbiz\/GE02_AVM3_ER_S_T_.pdf\">Min\u0151s\u00e9gi bizonylat<\/a><\/p>\n<p>*A fenti \u00e1rak az \u00c1ltal\u00e1nos Forgalmi Ad\u00f3t (\u00c1FA) nem tartalmazz\u00e1k!<\/p>\n","protected":false},"excerpt":{"rendered":"<p>GE 02 AVM 3 hanger\u0151s\u00edt\u0151. Mikrofon, mikrofon-bemond\u00e1s el\u0151tti dallamjelz\u00e9s, magn\u00f3, r\u00e1di\u00f3, CD lej\u00e1tsz\u00f3, besz\u00e9dt\u00e1rol\u00f3, AVM jel er\u0151s\u00edt\u00e9s\u00e9re szolg\u00e1l.<\/p>\n","protected":false},"featured_media":384,"comment_status":"open","ping_status":"closed","template":"","meta":[],"_links":{"self":[{"href":"http:\/\/gelkakft.hu\/en\/wp-json\/wp\/v2\/product\/294"}],"collection":[{"href":"http:\/\/gelkakft.hu\/en\/wp-json\/wp\/v2\/product"}],"about":[{"href":"http:\/\/gelkakft.hu\/en\/wp-json\/wp\/v2\/types\/product"}],"replies":[{"embeddable":true,"href":"http:\/\/gelkakft.hu\/en\/wp-json\/wp\/v2\/comments?post=294"}],"wp:featuredmedia":[{"embeddable":true,"href":"http:\/\/gelkakft.hu\/en\/wp-json\/wp\/v2\/media\/384"}],"wp:attachment":[{"href":"http:\/\/gelkakft.hu\/en\/wp-json\/wp\/v2\/media?parent=294"}],"curies":[{"name":"wp","href":"https:\/\/api.w.org\/{rel}","templated":true}]}}