{"id":295,"date":"2017-11-09T10:43:33","date_gmt":"2017-11-09T10:43:33","guid":{"rendered":"http:\/\/gelkakft.hu\/?post_type=product&#038;p=295"},"modified":"2026-04-28T14:35:35","modified_gmt":"2026-04-28T14:35:35","slug":"erosito","status":"publish","type":"product","link":"http:\/\/gelkakft.hu\/en\/product\/erosito\/","title":{"rendered":"GE 02 AVM 4-2 G\u00e9pj\u00e1rm\u0171 Hanger\u0151s\u00edt\u0151 (Stereo)"},"content":{"rendered":"<p>A \u00e9s AB oszt\u00e1ly\u00fa el\u0151 \u00e9s v\u00e9gfokozat\u00fa er\u0151s\u00edt\u0151. A bemeneti csatlakoz\u00f3kra kapott anal\u00f3g jelforr\u00e1s lehet kisjel\u0171 (mikrofon) \u00e9s nagyszint\u0171 (vonal, AVM)<\/p>\n<p>M\u0171szaki adatok: : UT: 24V (+12V &#8211; 30V)<br \/>\nZT: 4-16 Ohm<br \/>\nPki: 20W\/4 Ohm<br \/>\nf1-f2: 30Hz &#8211; 15kHz<br \/>\nJel\/zaj: \u2265 60d\u03b2<br \/>\nTHD: 0,5%<br \/>\nImax: 2A<\/p>\n<p><a href=\"http:\/\/gelkakft.hu\/minbiz\/GE02_AVM4-2_ER_S_T_.pdf\">Min\u0151s\u00e9gi bizonylat<\/a><\/p>\n<p>*A fenti \u00e1rak az \u00c1ltal\u00e1nos Forgalmi Ad\u00f3t (\u00c1FA) nem tartalmazz\u00e1k!<\/p>\n","protected":false},"excerpt":{"rendered":"<p>GE 02 AVM 4-2 er\u0151s\u00edt\u0151<\/p>\n","protected":false},"featured_media":407,"comment_status":"open","ping_status":"closed","template":"","meta":[],"_links":{"self":[{"href":"http:\/\/gelkakft.hu\/en\/wp-json\/wp\/v2\/product\/295"}],"collection":[{"href":"http:\/\/gelkakft.hu\/en\/wp-json\/wp\/v2\/product"}],"about":[{"href":"http:\/\/gelkakft.hu\/en\/wp-json\/wp\/v2\/types\/product"}],"replies":[{"embeddable":true,"href":"http:\/\/gelkakft.hu\/en\/wp-json\/wp\/v2\/comments?post=295"}],"wp:featuredmedia":[{"embeddable":true,"href":"http:\/\/gelkakft.hu\/en\/wp-json\/wp\/v2\/media\/407"}],"wp:attachment":[{"href":"http:\/\/gelkakft.hu\/en\/wp-json\/wp\/v2\/media?parent=295"}],"curies":[{"name":"wp","href":"https:\/\/api.w.org\/{rel}","templated":true}]}}