{"id":297,"date":"2017-11-09T10:43:00","date_gmt":"2017-11-09T10:43:00","guid":{"rendered":"http:\/\/gelkakft.hu\/?post_type=product&#038;p=297"},"modified":"2026-04-28T14:36:11","modified_gmt":"2026-04-28T14:36:11","slug":"leszallasjelzo-gongzartteri","status":"publish","type":"product","link":"http:\/\/gelkakft.hu\/en\/product\/leszallasjelzo-gongzartteri\/","title":{"rendered":"GONG T\u00f6bbhang\u00fa  z\u00fcmmer (z\u00e1rtt\u00e9ri)"},"content":{"rendered":"<p>M\u0171szaki adatok:<br \/>\nT\u00e1pfesz\u00fclts\u00e9g U : 24VDC (10 &#8211; 29VDC)<br \/>\n\u00c1ramfelv\u00e9tel Imin. :<br \/>\n\u00c1ramfelv\u00e9tel Imax : 100mA<\/p>\n<p><a href=\"http:\/\/gelkakft.hu\/minbiz\/GONG.pdf\">Min\u0151s\u00e9gi bizonylat<\/a><\/p>\n<p>*A fenti \u00e1rak az \u00c1ltal\u00e1nos Forgalmi Ad\u00f3t (\u00c1FA) nem tartalmazz\u00e1k!<\/p>\n","protected":false},"excerpt":{"rendered":"<p>LESZ\u00c1LL\u00c1SJELZ\u0150 GONG (z\u00e1rtt\u00e9ri) : Alkalmas aut\u00f3buszban lesz\u00e1ll\u00e1sjelz\u0151 kontroll vagy egy\u00e9b hangjelz\u00e9sre<\/p>\n","protected":false},"featured_media":399,"comment_status":"open","ping_status":"closed","template":"","meta":[],"_links":{"self":[{"href":"http:\/\/gelkakft.hu\/en\/wp-json\/wp\/v2\/product\/297"}],"collection":[{"href":"http:\/\/gelkakft.hu\/en\/wp-json\/wp\/v2\/product"}],"about":[{"href":"http:\/\/gelkakft.hu\/en\/wp-json\/wp\/v2\/types\/product"}],"replies":[{"embeddable":true,"href":"http:\/\/gelkakft.hu\/en\/wp-json\/wp\/v2\/comments?post=297"}],"wp:featuredmedia":[{"embeddable":true,"href":"http:\/\/gelkakft.hu\/en\/wp-json\/wp\/v2\/media\/399"}],"wp:attachment":[{"href":"http:\/\/gelkakft.hu\/en\/wp-json\/wp\/v2\/media?parent=297"}],"curies":[{"name":"wp","href":"https:\/\/api.w.org\/{rel}","templated":true}]}}