{"id":298,"date":"2017-11-09T10:42:39","date_gmt":"2017-11-09T10:42:39","guid":{"rendered":"http:\/\/gelkakft.hu\/?post_type=product&#038;p=298"},"modified":"2017-11-21T13:24:25","modified_gmt":"2017-11-21T13:24:25","slug":"tolatas-hangjelzo","status":"publish","type":"product","link":"http:\/\/gelkakft.hu\/en\/product\/tolatas-hangjelzo\/","title":{"rendered":"GTHJ 111 Tolat\u00e1s Hangjelz\u0151"},"content":{"rendered":"<p>K\u00fclt\u00e9ri v\u00edz\u00e1ll\u00f3 piezo hangjelz\u0151<br \/>\nM\u0171szaki adatok:<br \/>\nT\u00e1pfesz\u00fclts\u00e9g UT : 24V (16V &#8211; 30V)<br \/>\n\u00c1ramfelv\u00e9tel I ~: 20 mA<br \/>\nHangteljes\u00edtm\u00e9ny : 105 dB<br \/>\nHangfrekvencia : 2,5 kHz \u00b1 10%<br \/>\nPulz\u00e1l\u00e1si peri\u00f3dus : 90 \u00b1 10% \/ perc<\/p>\n<p><a href=\"http:\/\/gelkakft.hu\/minbiz\/GTHJ 111.pdf\">Min\u0151s\u00e9gi Bizonylat<\/a><\/p>\n<p>*A fenti \u00e1rak az \u00c1ltal\u00e1nos Forgalmi Ad\u00f3t (\u00c1FA) nem tartalmazz\u00e1k!<\/p>\n","protected":false},"excerpt":{"rendered":"<p>GTHJ 111 tolat\u00e1s hangjelz\u0151; f\u00e9mpal\u00e1st\u00fa h\u00e1zba szerelt akusztikus egys\u00e9g, fr\u00f6ccsen\u0151 v\u00edz ellen v\u00e9dett<\/p>\n","protected":false},"featured_media":409,"comment_status":"open","ping_status":"closed","template":"","meta":[],"_links":{"self":[{"href":"http:\/\/gelkakft.hu\/en\/wp-json\/wp\/v2\/product\/298"}],"collection":[{"href":"http:\/\/gelkakft.hu\/en\/wp-json\/wp\/v2\/product"}],"about":[{"href":"http:\/\/gelkakft.hu\/en\/wp-json\/wp\/v2\/types\/product"}],"replies":[{"embeddable":true,"href":"http:\/\/gelkakft.hu\/en\/wp-json\/wp\/v2\/comments?post=298"}],"wp:featuredmedia":[{"embeddable":true,"href":"http:\/\/gelkakft.hu\/en\/wp-json\/wp\/v2\/media\/409"}],"wp:attachment":[{"href":"http:\/\/gelkakft.hu\/en\/wp-json\/wp\/v2\/media?parent=298"}],"curies":[{"name":"wp","href":"https:\/\/api.w.org\/{rel}","templated":true}]}}