{"id":300,"date":"2017-11-09T10:42:08","date_gmt":"2017-11-09T10:42:08","guid":{"rendered":"http:\/\/gelkakft.hu\/?post_type=product&#038;p=300"},"modified":"2017-11-20T17:17:27","modified_gmt":"2017-11-20T17:17:27","slug":"egyhangu-jelzo-zummer-2","status":"publish","type":"product","link":"http:\/\/gelkakft.hu\/en\/product\/egyhangu-jelzo-zummer-2\/","title":{"rendered":"GZ 06 Egyhang\u00fa jelz\u0151 z\u00fcmmer"},"content":{"rendered":"<p>M\u0171szaki adatok:<br \/>\nT\u00e1pfesz\u00fclts\u00e9g : 24VDC (12 &#8211; 30VDC)<br \/>\n\u00c1ramfelv\u00e9tel : 12 &#8211; 30 mA<br \/>\nHangteljes\u00edtm\u00e9ny: 80-95 dB \/ 3,3 kHz<\/p>\n<p><a href=\"http:\/\/gelkakft.hu\/minbiz\/GZ 06.pdf\">Min\u0151s\u00e9gi bizonylat<\/a><\/p>\n<p>*A fenti \u00e1rak az \u00c1ltal\u00e1nos Forgalmi Ad\u00f3t (\u00c1FA) nem tartalmazz\u00e1k!<\/p>\n","protected":false},"excerpt":{"rendered":"<p>GZ 06 egyvez\u00e9rl\u00e9s\u0171, egyhang\u00fa jelz\u0151 z\u00fcmmer (z\u00e1rtt\u00e9ri)<br \/>\nAlkalmas aut\u00f3buszban egyidej\u0171leg vagy k\u00fcl\u00f6n-k\u00fcl\u00f6n ajt\u00f3csuk\u00f3d\u00e1s vagy egy\u00e9b figyelmeztet\u0151 jelz\u00e9sre<\/p>\n","protected":false},"featured_media":399,"comment_status":"open","ping_status":"closed","template":"","meta":[],"_links":{"self":[{"href":"http:\/\/gelkakft.hu\/en\/wp-json\/wp\/v2\/product\/300"}],"collection":[{"href":"http:\/\/gelkakft.hu\/en\/wp-json\/wp\/v2\/product"}],"about":[{"href":"http:\/\/gelkakft.hu\/en\/wp-json\/wp\/v2\/types\/product"}],"replies":[{"embeddable":true,"href":"http:\/\/gelkakft.hu\/en\/wp-json\/wp\/v2\/comments?post=300"}],"wp:featuredmedia":[{"embeddable":true,"href":"http:\/\/gelkakft.hu\/en\/wp-json\/wp\/v2\/media\/399"}],"wp:attachment":[{"href":"http:\/\/gelkakft.hu\/en\/wp-json\/wp\/v2\/media?parent=300"}],"curies":[{"name":"wp","href":"https:\/\/api.w.org\/{rel}","templated":true}]}}