{"id":301,"date":"2017-11-09T10:41:59","date_gmt":"2017-11-09T10:41:59","guid":{"rendered":"http:\/\/gelkakft.hu\/?post_type=product&#038;p=301"},"modified":"2026-04-28T14:37:09","modified_gmt":"2026-04-28T14:37:09","slug":"egyhangu-jelzo-zummer","status":"publish","type":"product","link":"http:\/\/gelkakft.hu\/en\/product\/egyhangu-jelzo-zummer\/","title":{"rendered":"GZ 011  Egyhang\u00fa jelz\u0151 z\u00fcmmer"},"content":{"rendered":"<p>M\u0171szaki adatok:<br \/>\nT\u00e1pfesz\u00fclts\u00e9g : 24VDC<br \/>\n\u00c1ramfelv\u00e9tel : 20 mA<br \/>\nHangteljes\u00edtm\u00e9ny : 80 dB<\/p>\n<p><a href=\"http:\/\/gelkakft.hu\/minbiz\/GZ 011.pdf\">Min\u0151s\u00e9gi bizonylat<\/a><\/p>\n","protected":false},"excerpt":{"rendered":"<p>GZ 011 egyvez\u00e9rl\u00e9s\u0171, egyhang\u00fa jelz\u0151 z\u00fcmmer (z\u00e1rtt\u00e9ri)<br \/>\nAlkalmas aut\u00f3buszban egyidej\u0171leg vagy k\u00fcl\u00f6n-k\u00fcl\u00f6n ajt\u00f3csuk\u00f3d\u00e1s vagy egy\u00e9b figyelmeztet\u0151 jelz\u00e9sre<\/p>\n","protected":false},"featured_media":416,"comment_status":"open","ping_status":"closed","template":"","meta":[],"_links":{"self":[{"href":"http:\/\/gelkakft.hu\/en\/wp-json\/wp\/v2\/product\/301"}],"collection":[{"href":"http:\/\/gelkakft.hu\/en\/wp-json\/wp\/v2\/product"}],"about":[{"href":"http:\/\/gelkakft.hu\/en\/wp-json\/wp\/v2\/types\/product"}],"replies":[{"embeddable":true,"href":"http:\/\/gelkakft.hu\/en\/wp-json\/wp\/v2\/comments?post=301"}],"wp:featuredmedia":[{"embeddable":true,"href":"http:\/\/gelkakft.hu\/en\/wp-json\/wp\/v2\/media\/416"}],"wp:attachment":[{"href":"http:\/\/gelkakft.hu\/en\/wp-json\/wp\/v2\/media?parent=301"}],"curies":[{"name":"wp","href":"https:\/\/api.w.org\/{rel}","templated":true}]}}