{"id":303,"date":"2017-11-09T10:41:11","date_gmt":"2017-11-09T10:41:11","guid":{"rendered":"http:\/\/gelkakft.hu\/?post_type=product&#038;p=303"},"modified":"2026-04-28T14:37:52","modified_gmt":"2026-04-28T14:37:52","slug":"kethangu-jelzo-zummer","status":"publish","type":"product","link":"http:\/\/gelkakft.hu\/en\/product\/kethangu-jelzo-zummer\/","title":{"rendered":"GZ 020 K\u00e9thang\u00fa jelz\u0151 z\u00fcmmer"},"content":{"rendered":"<p>M\u0171szaki adatok:<br \/>\nT\u00e1pfesz\u00fclts\u00e9g : 24VDC (12 &#8211; 30VDC)<br \/>\n\u00c1ramfelv\u00e9tel : 12 &#8211; 30 mA<br \/>\nHangteljes\u00edtm\u00e9ny: 88 + 88 dB<\/p>\n<p><a href=\"http:\/\/gelkakft.hu\/minbiz\/GZ 020.pdf\">Min\u0151s\u00e9gi bizonylat<\/a><\/p>\n<p>*A fenti \u00e1rak az \u00c1ltal\u00e1nos Forgalmi Ad\u00f3t (\u00c1FA) nem tartalmazz\u00e1k!<\/p>\n","protected":false},"excerpt":{"rendered":"<p>GZ 020 k\u00e9tvez\u00e9rl\u00e9s\u0171, k\u00e9thang\u00fa jelz\u0151 z\u00fcmmer (z\u00e1rtt\u00e9ri)<br \/>\nAlkalmas aut\u00f3buszban egyidej\u0171leg vagy k\u00fcl\u00f6n-k\u00fcl\u00f6n ajt\u00f3csuk\u00f3d\u00e1s vagy egy\u00e9b figyelmeztet\u0151 jelz\u00e9sre<\/p>\n","protected":false},"featured_media":399,"comment_status":"open","ping_status":"closed","template":"","meta":[],"_links":{"self":[{"href":"http:\/\/gelkakft.hu\/en\/wp-json\/wp\/v2\/product\/303"}],"collection":[{"href":"http:\/\/gelkakft.hu\/en\/wp-json\/wp\/v2\/product"}],"about":[{"href":"http:\/\/gelkakft.hu\/en\/wp-json\/wp\/v2\/types\/product"}],"replies":[{"embeddable":true,"href":"http:\/\/gelkakft.hu\/en\/wp-json\/wp\/v2\/comments?post=303"}],"wp:featuredmedia":[{"embeddable":true,"href":"http:\/\/gelkakft.hu\/en\/wp-json\/wp\/v2\/media\/399"}],"wp:attachment":[{"href":"http:\/\/gelkakft.hu\/en\/wp-json\/wp\/v2\/media?parent=303"}],"curies":[{"name":"wp","href":"https:\/\/api.w.org\/{rel}","templated":true}]}}