{"id":305,"date":"2017-11-09T10:40:50","date_gmt":"2017-11-09T10:40:50","guid":{"rendered":"http:\/\/gelkakft.hu\/?post_type=product&#038;p=305"},"modified":"2026-04-28T14:38:32","modified_gmt":"2026-04-28T14:38:32","slug":"kapcsolos-mikrofonallvany","status":"publish","type":"product","link":"http:\/\/gelkakft.hu\/en\/product\/kapcsolos-mikrofonallvany\/","title":{"rendered":"HMA 136\/MD  Kapcsol\u00f3s Mikrofon\u00e1llv\u00e1ny"},"content":{"rendered":"<p>Dinamikus mikrofon m\u0171szaki adatai:<\/p>\n<p>\u00c1llv\u00e1ny hossza: 700 mm<\/p>\n<p>Impedancia : 600 Ohm<br \/>\n\u00c1tviteli s\u00e1v : 70 &#8211; 15000 Hz<br \/>\n\u00c9rz\u00e9kenys\u00e9g : \u2265 1,1 mA \/ P<br \/>\nIr\u00e1nyjellegg\u00f6rbe: kardioid<\/p>\n<p><a href=\"http:\/\/gelkakft.hu\/minbiz\/HMA 136 - MD.pdf\">Min\u0151s\u00e9gi bizonylat<\/a><\/p>\n","protected":false},"excerpt":{"rendered":"<p>HMA 136\/MD t\u00edpus\u00fa hajl\u00edthat\u00f3, \u00e1ll\u00edthat\u00f3 (g\u00e9gecs\u00f6ves) mikrofon\u00e1llv\u00e1ny kapcsol\u00f3s kivitelben j\u00e1rm\u0171vekben k\u00f6zlem\u00e9nyek bemond\u00e1s\u00e1ra.<\/p>\n","protected":false},"featured_media":445,"comment_status":"open","ping_status":"closed","template":"","meta":[],"_links":{"self":[{"href":"http:\/\/gelkakft.hu\/en\/wp-json\/wp\/v2\/product\/305"}],"collection":[{"href":"http:\/\/gelkakft.hu\/en\/wp-json\/wp\/v2\/product"}],"about":[{"href":"http:\/\/gelkakft.hu\/en\/wp-json\/wp\/v2\/types\/product"}],"replies":[{"embeddable":true,"href":"http:\/\/gelkakft.hu\/en\/wp-json\/wp\/v2\/comments?post=305"}],"wp:featuredmedia":[{"embeddable":true,"href":"http:\/\/gelkakft.hu\/en\/wp-json\/wp\/v2\/media\/445"}],"wp:attachment":[{"href":"http:\/\/gelkakft.hu\/en\/wp-json\/wp\/v2\/media?parent=305"}],"curies":[{"name":"wp","href":"https:\/\/api.w.org\/{rel}","templated":true}]}}