{"id":306,"date":"2017-11-09T10:41:49","date_gmt":"2017-11-09T10:41:49","guid":{"rendered":"http:\/\/gelkakft.hu\/?post_type=product&#038;p=306"},"modified":"2026-04-28T14:37:34","modified_gmt":"2026-04-28T14:37:34","slug":"kapcsolos-mikrofonallvany-din-2","status":"publish","type":"product","link":"http:\/\/gelkakft.hu\/en\/product\/kapcsolos-mikrofonallvany-din-2\/","title":{"rendered":"HMA 150 Kapcsol\u00f3s mikrofon\u00e1llv\u00e1ny DIN"},"content":{"rendered":"<p>Mikrofon\u00e1llv\u00e1ny adatai:<\/p>\n<p>\u00c1llv\u00e1ny s\u00falya: 40 dkg<br \/>\n\u00c1lv\u00e1ny hossza : 40 cm<br \/>\n\u00c1llv\u00e1nytalp \u00e1tm\u00e9r\u0151: 8 cm \u00d8<br \/>\nK\u00e1belhossz : 80 cm<br \/>\nK\u00e1belcsatlakoz\u00f3 : 5 P. DIN<\/p>\n<p><a href=\"http:\/\/gelkakft.hu\/minbiz\/HMA 150.pdf\">Min\u0151s\u00e9gi bizonylat<\/a><\/p>\n<p>*A fenti \u00e1rak az \u00c1ltal\u00e1nos Forgalmi Ad\u00f3t (\u00c1FA) nem tartalmazz\u00e1k!<\/p>\n","protected":false},"excerpt":{"rendered":"<p>HMA 150 t\u00edpus\u00fa hajl\u00edthat\u00f3, \u00e1ll\u00edthat\u00f3 (g\u00e9gecs\u00f6ves) mikrofon\u00e1llv\u00e1ny kapcsol\u00f3s kivitelben, DIN dugasszal, M20x1mm-es mikrofonr\u00f6gz\u00edt\u00e9si lehet\u0151s\u00e9ggel.<\/p>\n","protected":false},"featured_media":445,"comment_status":"open","ping_status":"closed","template":"","meta":[],"_links":{"self":[{"href":"http:\/\/gelkakft.hu\/en\/wp-json\/wp\/v2\/product\/306"}],"collection":[{"href":"http:\/\/gelkakft.hu\/en\/wp-json\/wp\/v2\/product"}],"about":[{"href":"http:\/\/gelkakft.hu\/en\/wp-json\/wp\/v2\/types\/product"}],"replies":[{"embeddable":true,"href":"http:\/\/gelkakft.hu\/en\/wp-json\/wp\/v2\/comments?post=306"}],"wp:featuredmedia":[{"embeddable":true,"href":"http:\/\/gelkakft.hu\/en\/wp-json\/wp\/v2\/media\/445"}],"wp:attachment":[{"href":"http:\/\/gelkakft.hu\/en\/wp-json\/wp\/v2\/media?parent=306"}],"curies":[{"name":"wp","href":"https:\/\/api.w.org\/{rel}","templated":true}]}}