{"id":307,"date":"2017-11-09T10:41:00","date_gmt":"2017-11-09T10:41:00","guid":{"rendered":"http:\/\/gelkakft.hu\/?post_type=product&#038;p=307"},"modified":"2026-04-28T14:38:10","modified_gmt":"2026-04-28T14:38:10","slug":"kapcsolos-mikrofonallvany-din","status":"publish","type":"product","link":"http:\/\/gelkakft.hu\/en\/product\/kapcsolos-mikrofonallvany-din\/","title":{"rendered":"HMA 160 Kapcsol\u00f3s Mikrofon\u00e1llv\u00e1ny DIN"},"content":{"rendered":"<p>Mikrofon\u00e1llv\u00e1ny adatai:<\/p>\n<p>\u00c1llv\u00e1ny s\u00falya: 70 dkg<br \/>\n\u00c1lv\u00e1ny hossza : 70 cm<br \/>\n\u00c1llv\u00e1nytalp \u00e1tm\u00e9r\u0151: 8 cm \u00d8<br \/>\nK\u00e1belhossz : 200 cm<br \/>\nK\u00e1belcsatlakoz\u00f3 : 5 P. DIN<\/p>\n<p><a href=\"http:\/\/gelkakft.hu\/minbiz\/HMA 160.pdf\">Min\u0151s\u00e9gi bizonylat<\/a><\/p>\n<p>*A fenti \u00e1rak az \u00c1ltal\u00e1nos Forgalmi Ad\u00f3t (\u00c1FA) nem tartalmazz\u00e1k!<\/p>\n","protected":false},"excerpt":{"rendered":"<p>HMA 160 t\u00edpus\u00fa hajl\u00edthat\u00f3, \u00e1ll\u00edthat\u00f3 (g\u00e9gecs\u00f6ves) mikrofon\u00e1llv\u00e1ny kapcsol\u00f3s kivitelben, DIN dugasszal, M20x1mm-es mikrofonr\u00f6gz\u00edt\u00e9si lehet\u0151s\u00e9ggel.<\/p>\n","protected":false},"featured_media":445,"comment_status":"open","ping_status":"closed","template":"","meta":[],"_links":{"self":[{"href":"http:\/\/gelkakft.hu\/en\/wp-json\/wp\/v2\/product\/307"}],"collection":[{"href":"http:\/\/gelkakft.hu\/en\/wp-json\/wp\/v2\/product"}],"about":[{"href":"http:\/\/gelkakft.hu\/en\/wp-json\/wp\/v2\/types\/product"}],"replies":[{"embeddable":true,"href":"http:\/\/gelkakft.hu\/en\/wp-json\/wp\/v2\/comments?post=307"}],"wp:featuredmedia":[{"embeddable":true,"href":"http:\/\/gelkakft.hu\/en\/wp-json\/wp\/v2\/media\/445"}],"wp:attachment":[{"href":"http:\/\/gelkakft.hu\/en\/wp-json\/wp\/v2\/media?parent=307"}],"curies":[{"name":"wp","href":"https:\/\/api.w.org\/{rel}","templated":true}]}}