{"id":309,"date":"2017-11-09T10:40:32","date_gmt":"2017-11-09T10:40:32","guid":{"rendered":"http:\/\/gelkakft.hu\/?post_type=product&#038;p=309"},"modified":"2017-11-21T13:28:33","modified_gmt":"2017-11-21T13:28:33","slug":"dinamikus-mikrofon-din","status":"publish","type":"product","link":"http:\/\/gelkakft.hu\/en\/product\/dinamikus-mikrofon-din\/","title":{"rendered":"MD 35 N\/I  Dinamikus mikrofon DIN"},"content":{"rendered":"<p>Dinamikus mikrofon m\u0171szaki adatai:<br \/>\nImpedancia : 600 Ohm<br \/>\n\u00c1tviteli s\u00e1v : 70 &#8211; 15000 Hz<br \/>\n\u00c9rz\u00e9kenys\u00e9g : \u2265 1,1 mA \/ P<br \/>\nIr\u00e1nyjellegg\u00f6rbe: kardioid<\/p>\n<p><a href=\"http:\/\/gelkakft.hu\/minbiz\/MD35 N-I.pdf\">Min\u0151s\u00e9gi bizonylat<\/a><\/p>\n","protected":false},"excerpt":{"rendered":"<p>MD 35 N\/I . t\u00edpus\u00fa dinamikus mikrofon be\u00e9p\u00edtett DIN csatlakoz\u00f3 h\u00fcvellyel<\/p>\n","protected":false},"featured_media":411,"comment_status":"open","ping_status":"closed","template":"","meta":[],"_links":{"self":[{"href":"http:\/\/gelkakft.hu\/en\/wp-json\/wp\/v2\/product\/309"}],"collection":[{"href":"http:\/\/gelkakft.hu\/en\/wp-json\/wp\/v2\/product"}],"about":[{"href":"http:\/\/gelkakft.hu\/en\/wp-json\/wp\/v2\/types\/product"}],"replies":[{"embeddable":true,"href":"http:\/\/gelkakft.hu\/en\/wp-json\/wp\/v2\/comments?post=309"}],"wp:featuredmedia":[{"embeddable":true,"href":"http:\/\/gelkakft.hu\/en\/wp-json\/wp\/v2\/media\/411"}],"wp:attachment":[{"href":"http:\/\/gelkakft.hu\/en\/wp-json\/wp\/v2\/media?parent=309"}],"curies":[{"name":"wp","href":"https:\/\/api.w.org\/{rel}","templated":true}]}}