{"id":310,"date":"2017-11-09T10:40:22","date_gmt":"2017-11-09T10:40:22","guid":{"rendered":"http:\/\/gelkakft.hu\/?post_type=product&#038;p=310"},"modified":"2026-04-28T14:39:18","modified_gmt":"2026-04-28T14:39:18","slug":"ovalis-hangszoro","status":"publish","type":"product","link":"http:\/\/gelkakft.hu\/en\/product\/ovalis-hangszoro\/","title":{"rendered":"MHE 001 Mennyezeti  hangsz\u00f3r\u00f3 egys\u00e9g (Ikarus)"},"content":{"rendered":"<p>R\u00e9szei:<\/p>\n<p>1 db als\u00f3 m\u0171anyagkeret<br \/>\n1 db fels\u0151 m\u0171anyagr\u00e1cs<br \/>\n1 db 4 vagy 8 Ohmos (opcion\u00e1lis)\/ 10 W-os&nbsp; hangsz\u00f3r\u00f3<br \/>\nA hangsz\u00f3r\u00f3 m\u0171szaki adatai:<\/p>\n<p>N\u00e9vleges teljes\u00edtm\u00e9ny : 10 W<br \/>\nMax. teljes\u00edtm\u00e9ny : 55 W<br \/>\nImpedancia : 4 vagy 8 Ohm<br \/>\nHangnyom\u00e1s :<span>88dB<\/span><br \/>\nFrekvencia tartom\u00e1ny : 50 -6000 Hz<\/p>\n<p><a href=\"http:\/\/gelkakft.hu\/minbiz\/MHE 01.pdf\">Min\u0151s\u00e9gi bizonylat<\/a><\/p>\n<p>*A fenti \u00e1rak az \u00c1ltal\u00e1nos Forgalmi Ad\u00f3t (\u00c1FA) nem tartalmazz\u00e1k!<\/p>\n","protected":false},"excerpt":{"rendered":"<p>MHE 01 HANGSZ\u00d3R\u00d3 OV\u00c1LIS (szerelt hangsz\u00f3r\u00f3 egys\u00e9g)<br \/>\na j\u00e1rm\u0171 utastere r\u00e9sz\u00e9re t\u00f6rt\u00e9n\u0151 hangos inform\u00e1ci\u00f3 vagy sz\u00f3rakoztat\u00f3 program k\u00f6zl\u00e9s\u00e9re szolg\u00e1l.<\/p>\n","protected":false},"featured_media":414,"comment_status":"open","ping_status":"closed","template":"","meta":[],"_links":{"self":[{"href":"http:\/\/gelkakft.hu\/en\/wp-json\/wp\/v2\/product\/310"}],"collection":[{"href":"http:\/\/gelkakft.hu\/en\/wp-json\/wp\/v2\/product"}],"about":[{"href":"http:\/\/gelkakft.hu\/en\/wp-json\/wp\/v2\/types\/product"}],"replies":[{"embeddable":true,"href":"http:\/\/gelkakft.hu\/en\/wp-json\/wp\/v2\/comments?post=310"}],"wp:featuredmedia":[{"embeddable":true,"href":"http:\/\/gelkakft.hu\/en\/wp-json\/wp\/v2\/media\/414"}],"wp:attachment":[{"href":"http:\/\/gelkakft.hu\/en\/wp-json\/wp\/v2\/media?parent=310"}],"curies":[{"name":"wp","href":"https:\/\/api.w.org\/{rel}","templated":true}]}}