{"id":311,"date":"2017-11-09T10:40:12","date_gmt":"2017-11-09T10:40:12","guid":{"rendered":"http:\/\/gelkakft.hu\/?post_type=product&#038;p=311"},"modified":"2026-04-28T14:42:17","modified_gmt":"2026-04-28T14:42:17","slug":"mikrofon-toldokabel","status":"publish","type":"product","link":"http:\/\/gelkakft.hu\/en\/product\/mikrofon-toldokabel\/","title":{"rendered":"Mikrofon told\u00f3k\u00e1bel"},"content":{"rendered":"<p>Mikrofon told\u00f3k\u00e1bel adatai:<\/p>\n<p>Told\u00f3k\u00e1bel hossza: 205 cm.<br \/>\nK\u00e1belhossz : 200 cm.<br \/>\nK\u00e1belcsatlakoz\u00f3 : 2 x 5 P. DIN<\/p>\n<p><a href=\"http:\/\/gelkakft.hu\/minbiz\/MKE 011.pdf\">Min\u0151s\u00e9gi bizonylat<\/a><\/p>\n","protected":false},"excerpt":{"rendered":"<p>MKE 011 MIKROFON TOLD\u00d3K\u00c1BEL. HMA t\u00edpus\u00fa mikrofon\u00e1llv\u00e1ny kimenete \u00e9s az er\u0151s\u00edt\u0151 mikrofonbemenete csatlakozat\u00e1s\u00e1ra szolg\u00e1l.<\/p>\n","protected":false},"featured_media":445,"comment_status":"open","ping_status":"closed","template":"","meta":[],"_links":{"self":[{"href":"http:\/\/gelkakft.hu\/en\/wp-json\/wp\/v2\/product\/311"}],"collection":[{"href":"http:\/\/gelkakft.hu\/en\/wp-json\/wp\/v2\/product"}],"about":[{"href":"http:\/\/gelkakft.hu\/en\/wp-json\/wp\/v2\/types\/product"}],"replies":[{"embeddable":true,"href":"http:\/\/gelkakft.hu\/en\/wp-json\/wp\/v2\/comments?post=311"}],"wp:featuredmedia":[{"embeddable":true,"href":"http:\/\/gelkakft.hu\/en\/wp-json\/wp\/v2\/media\/445"}],"wp:attachment":[{"href":"http:\/\/gelkakft.hu\/en\/wp-json\/wp\/v2\/media?parent=311"}],"curies":[{"name":"wp","href":"https:\/\/api.w.org\/{rel}","templated":true}]}}