{"id":312,"date":"2017-11-09T10:39:58","date_gmt":"2017-11-09T10:39:58","guid":{"rendered":"http:\/\/gelkakft.hu\/?post_type=product&#038;p=312"},"modified":"2017-11-21T13:50:48","modified_gmt":"2017-11-21T13:50:48","slug":"szerelt-elolap","status":"publish","type":"product","link":"http:\/\/gelkakft.hu\/en\/product\/szerelt-elolap\/","title":{"rendered":"SZEL 001 Szerelt el\u0151lap"},"content":{"rendered":"<p>Sz\u00e9less\u00e9g : 175 mm<br \/>\nM\u00e9lys\u00e9g : 80 mm<br \/>\nMagass\u00e1g: 40 mm<br \/>\nT\u00f6meg : 350 gr<\/p>\n<p>A DIN 5p. csatlakoz\u00f3kra adott v\u00e1laszthat\u00f3 anal\u00f3g jelforr\u00e1s lehet kisjel\u0171 (mikrofon) \u00e9s nagyszint\u0171 (vonal, AVM). Kapcsolhat\u00f3 hangsz\u00f3r\u00f3 kimenetek, 24 \u00e9s 12 V-os berendez\u00e9sekhez t\u00e1pfesz\u00fclts\u00e9g.<br \/>\nM\u0171szaki adatok:<br \/>\nUT: +24V<br \/>\nImax: 2 A<\/p>\n","protected":false},"excerpt":{"rendered":"<p>SZEL 200-2B tip. szerelt el\u0151lap. Aut\u00f3buszok 24V-os hangrendszer\u00e9hez kifejlesztett kieg\u00e9sz\u00edt\u0151 eszk\u00f6z.<\/p>\n","protected":false},"featured_media":419,"comment_status":"open","ping_status":"closed","template":"","meta":[],"_links":{"self":[{"href":"http:\/\/gelkakft.hu\/en\/wp-json\/wp\/v2\/product\/312"}],"collection":[{"href":"http:\/\/gelkakft.hu\/en\/wp-json\/wp\/v2\/product"}],"about":[{"href":"http:\/\/gelkakft.hu\/en\/wp-json\/wp\/v2\/types\/product"}],"replies":[{"embeddable":true,"href":"http:\/\/gelkakft.hu\/en\/wp-json\/wp\/v2\/comments?post=312"}],"wp:featuredmedia":[{"embeddable":true,"href":"http:\/\/gelkakft.hu\/en\/wp-json\/wp\/v2\/media\/419"}],"wp:attachment":[{"href":"http:\/\/gelkakft.hu\/en\/wp-json\/wp\/v2\/media?parent=312"}],"curies":[{"name":"wp","href":"https:\/\/api.w.org\/{rel}","templated":true}]}}