{"id":329,"date":"2017-11-09T12:29:04","date_gmt":"2017-11-09T12:29:04","guid":{"rendered":"http:\/\/gelkakft.hu\/?post_type=product&#038;p=329"},"modified":"2026-04-28T14:34:25","modified_gmt":"2026-04-28T14:34:25","slug":"hma-136-md-f-futarkopatibilis-kapcsolonelkuli-mikrofonallvany","status":"publish","type":"product","link":"http:\/\/gelkakft.hu\/en\/product\/hma-136-md-f-futarkopatibilis-kapcsolonelkuli-mikrofonallvany\/","title":{"rendered":"HMA 136 MD\/ F (Fut\u00e1rkopatibilis) Kapcsol\u00f3n\u00e9lk\u00fcli Mikrofon\u00e1llv\u00e1ny"},"content":{"rendered":"<p>*A fenti \u00e1rak az \u00c1ltal\u00e1nos Forgalmi Ad\u00f3t (\u00c1FA) nem tartalmazz\u00e1k!<\/p>\n","protected":false},"excerpt":{"rendered":"<p>*A fenti \u00e1rak az \u00c1ltal\u00e1nos Forgalmi Ad\u00f3t (\u00c1FA) nem tartalmazz\u00e1k!<\/p>\n","protected":false},"featured_media":394,"comment_status":"open","ping_status":"closed","template":"","meta":[],"_links":{"self":[{"href":"http:\/\/gelkakft.hu\/en\/wp-json\/wp\/v2\/product\/329"}],"collection":[{"href":"http:\/\/gelkakft.hu\/en\/wp-json\/wp\/v2\/product"}],"about":[{"href":"http:\/\/gelkakft.hu\/en\/wp-json\/wp\/v2\/types\/product"}],"replies":[{"embeddable":true,"href":"http:\/\/gelkakft.hu\/en\/wp-json\/wp\/v2\/comments?post=329"}],"wp:featuredmedia":[{"embeddable":true,"href":"http:\/\/gelkakft.hu\/en\/wp-json\/wp\/v2\/media\/394"}],"wp:attachment":[{"href":"http:\/\/gelkakft.hu\/en\/wp-json\/wp\/v2\/media?parent=329"}],"curies":[{"name":"wp","href":"https:\/\/api.w.org\/{rel}","templated":true}]}}