{"id":339,"date":"2017-11-10T14:21:10","date_gmt":"2017-11-10T14:21:10","guid":{"rendered":"http:\/\/gelkakft.hu\/?post_type=product&#038;p=339"},"modified":"2026-04-28T14:33:56","modified_gmt":"2026-04-28T14:33:56","slug":"gelka-sm-15-nyomokamras-tolcseres-hangszoro","status":"publish","type":"product","link":"http:\/\/gelkakft.hu\/en\/product\/gelka-sm-15-nyomokamras-tolcseres-hangszoro\/","title":{"rendered":"GELKA SM 15 Nyom\u00f3kamr\u00e1s t\u00f6lcs\u00e9res hangsz\u00f3r\u00f3"},"content":{"rendered":"<p>M\u0171szaki adatok:<br \/>\nTraf\u00f3illeszt\u00e9s, be\u00e1ll\u00edthat\u00f3an: 15\/10\/5\/3 W.<br \/>\nTranszform\u00e1tor: 100V\/70V<br \/>\nV\u00edz\u00e1ll\u00f3 hangsz\u00f3r\u00f3 IP66 v\u00e9delem\/T\u0171z\u00e1ll\u00f3<br \/>\nMax. teljes\u00edtm\u00e9ny: 15W @ 100V<br \/>\nAluminium h\u00e1z \u00e9s t\u00fckr\u00f6z\u0151d\u00e9smentes f\u00e9nyez\u00e9s + tart\u00f3konzol<br \/>\nFrekvencia \u00e1tvitel: 300-13kHZ<br \/>\nMax. hangnyom\u00e1s: 118 db (15W\/1m)<br \/>\nK\u00f6zepes hangnyom\u00e1s szint: 105 dB (1W\/1m)<br \/>\nFelfogat\u00e1s: M\u00c1VSZ2809-81 szabv\u00e1nyban le\u00edrtak szerint<br \/>\n\u00dczemeltet\u00e9s: -30 + 65 Celsius<br \/>\nM\u00e9retek: 230x230x300mm<br \/>\nS\u00faly: 2,4 kg<\/p>\n<p><a href=\"http:\/\/gelkakft.hu\/minbiz\/SM_15.pdf\">Min\u0151s\u00e9gi bizony\u00edtv\u00e1ny<\/a><\/p>\n","protected":false},"excerpt":{"rendered":"<p>M\u0171szaki adatok: Traf\u00f3illeszt\u00e9s, be\u00e1ll\u00edthat\u00f3an: 15\/10\/5\/3 W. Transzform\u00e1tor: 100V\/70V V\u00edz\u00e1ll\u00f3 hangsz\u00f3r\u00f3 IP66 v\u00e9delem\/T\u0171z\u00e1ll\u00f3 Max. teljes\u00edtm\u00e9ny: 15W @ 100V Aluminium h\u00e1z \u00e9s t\u00fckr\u00f6z\u0151d\u00e9smentes f\u00e9nyez\u00e9s + tart\u00f3konzol Frekvencia \u00e1tvitel: 300-13kHZ Max. hangnyom\u00e1s: 118 db (15W\/1m) K\u00f6zepes hangnyom\u00e1s szint:<a class=\"moretag\" href=\"http:\/\/gelkakft.hu\/en\/product\/gelka-sm-15-nyomokamras-tolcseres-hangszoro\/\"> <trp-gettext data-trpgettextoriginal='23'>Read more&hellip;<\/trp-gettext><\/a><\/p>\n","protected":false},"featured_media":442,"comment_status":"open","ping_status":"closed","template":"","meta":[],"_links":{"self":[{"href":"http:\/\/gelkakft.hu\/en\/wp-json\/wp\/v2\/product\/339"}],"collection":[{"href":"http:\/\/gelkakft.hu\/en\/wp-json\/wp\/v2\/product"}],"about":[{"href":"http:\/\/gelkakft.hu\/en\/wp-json\/wp\/v2\/types\/product"}],"replies":[{"embeddable":true,"href":"http:\/\/gelkakft.hu\/en\/wp-json\/wp\/v2\/comments?post=339"}],"wp:featuredmedia":[{"embeddable":true,"href":"http:\/\/gelkakft.hu\/en\/wp-json\/wp\/v2\/media\/442"}],"wp:attachment":[{"href":"http:\/\/gelkakft.hu\/en\/wp-json\/wp\/v2\/media?parent=339"}],"curies":[{"name":"wp","href":"https:\/\/api.w.org\/{rel}","templated":true}]}}