{"id":392,"date":"2017-11-20T17:00:30","date_gmt":"2017-11-20T17:00:30","guid":{"rendered":"http:\/\/gelkakft.hu\/?post_type=product&#038;p=392"},"modified":"2026-04-28T14:33:33","modified_gmt":"2026-04-28T14:33:33","slug":"kmd-136k-kezi-mikrofon-spiralkabellel","status":"publish","type":"product","link":"http:\/\/gelkakft.hu\/en\/product\/kmd-136k-kezi-mikrofon-spiralkabellel\/","title":{"rendered":"KMD 136\/K  K\u00e9zi mikrofon spir\u00e1lk\u00e1bellel"},"content":{"rendered":"","protected":false},"excerpt":{"rendered":"","protected":false},"featured_media":388,"comment_status":"open","ping_status":"closed","template":"","meta":[],"_links":{"self":[{"href":"http:\/\/gelkakft.hu\/en\/wp-json\/wp\/v2\/product\/392"}],"collection":[{"href":"http:\/\/gelkakft.hu\/en\/wp-json\/wp\/v2\/product"}],"about":[{"href":"http:\/\/gelkakft.hu\/en\/wp-json\/wp\/v2\/types\/product"}],"replies":[{"embeddable":true,"href":"http:\/\/gelkakft.hu\/en\/wp-json\/wp\/v2\/comments?post=392"}],"wp:featuredmedia":[{"embeddable":true,"href":"http:\/\/gelkakft.hu\/en\/wp-json\/wp\/v2\/media\/388"}],"wp:attachment":[{"href":"http:\/\/gelkakft.hu\/en\/wp-json\/wp\/v2\/media?parent=392"}],"curies":[{"name":"wp","href":"https:\/\/api.w.org\/{rel}","templated":true}]}}