{"id":396,"date":"2017-11-20T17:08:46","date_gmt":"2017-11-20T17:08:46","guid":{"rendered":"http:\/\/gelkakft.hu\/?post_type=product&#038;p=396"},"modified":"2026-04-28T14:33:04","modified_gmt":"2026-04-28T14:33:04","slug":"mte-023-mikrofon-tarto-egyseg-kezi-mikrofonhoz-festett","status":"publish","type":"product","link":"http:\/\/gelkakft.hu\/en\/product\/mte-023-mikrofon-tarto-egyseg-kezi-mikrofonhoz-festett\/","title":{"rendered":"MTE 023 Mikrofon tart\u00f3 egys\u00e9g , k\u00e9zi mikrofonhoz (festett)"},"content":{"rendered":"","protected":false},"excerpt":{"rendered":"","protected":false},"featured_media":397,"comment_status":"open","ping_status":"closed","template":"","meta":[],"_links":{"self":[{"href":"http:\/\/gelkakft.hu\/en\/wp-json\/wp\/v2\/product\/396"}],"collection":[{"href":"http:\/\/gelkakft.hu\/en\/wp-json\/wp\/v2\/product"}],"about":[{"href":"http:\/\/gelkakft.hu\/en\/wp-json\/wp\/v2\/types\/product"}],"replies":[{"embeddable":true,"href":"http:\/\/gelkakft.hu\/en\/wp-json\/wp\/v2\/comments?post=396"}],"wp:featuredmedia":[{"embeddable":true,"href":"http:\/\/gelkakft.hu\/en\/wp-json\/wp\/v2\/media\/397"}],"wp:attachment":[{"href":"http:\/\/gelkakft.hu\/en\/wp-json\/wp\/v2\/media?parent=396"}],"curies":[{"name":"wp","href":"https:\/\/api.w.org\/{rel}","templated":true}]}}