{"id":95,"date":"2017-11-03T09:20:00","date_gmt":"2017-11-03T09:20:00","guid":{"rendered":"http:\/\/gelkakft.hu\/?post_type=product&#038;p=95"},"modified":"2026-04-28T14:42:28","modified_gmt":"2026-04-28T14:42:28","slug":"dallamjelzo","status":"publish","type":"product","link":"http:\/\/gelkakft.hu\/en\/product\/dallamjelzo\/","title":{"rendered":"ADJ 001 Ajt\u00f3 Dallamjelz\u0151"},"content":{"rendered":"<p>M\u0171szaki adatok:<br \/>\nT\u00e1pfesz\u00fclts\u00e9g Umin : 24VDC (20 &#8211; 29VDC)<br \/>\n\u00c1ramfelv\u00e9tel Imin. : 60 mA<br \/>\n\u00c1ramfelv\u00e9tel Imax : 300 mA<\/p>\n<p><a href=\"http:\/\/gelkakft.hu\/minbiz\/ADJ%20001.pdf\">Min\u0151s\u00e9gi bizonylat<\/a><\/p>\n<p>*A fenti \u00e1rak az \u00c1ltal\u00e1nos Forgalmi Ad\u00f3t (\u00c1FA) nem tartalmazz\u00e1k!<\/p>\n<p>&nbsp;<\/p>\n","protected":false},"excerpt":{"rendered":"<p>ADJ 001 a j\u00e1rm\u0171 utast\u00e9r ajt\u00f3i becsuk\u00f3d\u00e1s\u00e1nak dallammal t\u00f6rt\u00e9n\u0151 figyelmeztet\u0151 jelz\u00e9s\u00e9re szolg\u00e1l.<\/p>\n","protected":false},"featured_media":391,"comment_status":"open","ping_status":"closed","template":"","meta":[],"_links":{"self":[{"href":"http:\/\/gelkakft.hu\/en\/wp-json\/wp\/v2\/product\/95"}],"collection":[{"href":"http:\/\/gelkakft.hu\/en\/wp-json\/wp\/v2\/product"}],"about":[{"href":"http:\/\/gelkakft.hu\/en\/wp-json\/wp\/v2\/types\/product"}],"replies":[{"embeddable":true,"href":"http:\/\/gelkakft.hu\/en\/wp-json\/wp\/v2\/comments?post=95"}],"wp:featuredmedia":[{"embeddable":true,"href":"http:\/\/gelkakft.hu\/en\/wp-json\/wp\/v2\/media\/391"}],"wp:attachment":[{"href":"http:\/\/gelkakft.hu\/en\/wp-json\/wp\/v2\/media?parent=95"}],"curies":[{"name":"wp","href":"https:\/\/api.w.org\/{rel}","templated":true}]}}